{"id":15,"date":"2016-07-21T10:33:22","date_gmt":"2016-07-21T13:33:22","guid":{"rendered":"http:\/\/www.tintasolum.com.br\/site\/?page_id=15"},"modified":"2024-01-09T10:29:27","modified_gmt":"2024-01-09T13:29:27","slug":"terras-corantes","status":"publish","type":"page","link":"http:\/\/www.tintasolum.com.br\/site\/terras-corantes\/","title":{"rendered":"Produtos"},"content":{"rendered":"\t\t<div data-elementor-type=\"wp-page\" data-elementor-id=\"15\" class=\"elementor elementor-15\">\n\t\t\t\t\t\t<section class=\"elementor-section elementor-top-section elementor-element elementor-element-21d2e524 elementor-section-boxed elementor-section-height-default elementor-section-height-default\" data-id=\"21d2e524\" data-element_type=\"section\">\n\t\t\t\t\t\t<div class=\"elementor-container elementor-column-gap-default\">\n\t\t\t\t\t<div class=\"elementor-column elementor-col-100 elementor-top-column elementor-element elementor-element-31e7ae69\" data-id=\"31e7ae69\" data-element_type=\"column\">\n\t\t\t<div class=\"elementor-widget-wrap elementor-element-populated\">\n\t\t\t\t\t\t<div class=\"elementor-element elementor-element-c8ce84b elementor-widget elementor-widget-image\" data-id=\"c8ce84b\" data-element_type=\"widget\" data-widget_type=\"image.default\">\n\t\t\t\t<div class=\"elementor-widget-container\">\n\t\t\t<style>\/*! elementor - v3.21.0 - 20-05-2024 *\/\n.elementor-widget-image{text-align:center}.elementor-widget-image a{display:inline-block}.elementor-widget-image a img[src$=\".svg\"]{width:48px}.elementor-widget-image img{vertical-align:middle;display:inline-block}<\/style>\t\t\t\t\t\t\t\t\t\t<img fetchpriority=\"high\" decoding=\"async\" width=\"1024\" height=\"435\" src=\"http:\/\/www.tintasolum.com.br\/site\/wp-content\/uploads\/2016\/09\/ficha-tecnica3-1024x435.jpg\" class=\"attachment-large size-large wp-image-362\" alt=\"\" srcset=\"http:\/\/www.tintasolum.com.br\/site\/wp-content\/uploads\/2016\/09\/ficha-tecnica3-1024x435.jpg 1024w, http:\/\/www.tintasolum.com.br\/site\/wp-content\/uploads\/2016\/09\/ficha-tecnica3-300x128.jpg 300w, http:\/\/www.tintasolum.com.br\/site\/wp-content\/uploads\/2016\/09\/ficha-tecnica3-768x326.jpg 768w, http:\/\/www.tintasolum.com.br\/site\/wp-content\/uploads\/2016\/09\/ficha-tecnica3.jpg 1600w\" sizes=\"(max-width: 1024px) 100vw, 1024px\" \/>\t\t\t\t\t\t\t\t\t\t\t\t\t<\/div>\n\t\t\t\t<\/div>\n\t\t\t\t<div class=\"elementor-element elementor-element-e95a449 elementor-widget elementor-widget-spacer\" data-id=\"e95a449\" data-element_type=\"widget\" data-widget_type=\"spacer.default\">\n\t\t\t\t<div class=\"elementor-widget-container\">\n\t\t\t<style>\/*! elementor - v3.21.0 - 20-05-2024 *\/\n.elementor-column .elementor-spacer-inner{height:var(--spacer-size)}.e-con{--container-widget-width:100%}.e-con-inner>.elementor-widget-spacer,.e-con>.elementor-widget-spacer{width:var(--container-widget-width,var(--spacer-size));--align-self:var(--container-widget-align-self,initial);--flex-shrink:0}.e-con-inner>.elementor-widget-spacer>.elementor-widget-container,.e-con>.elementor-widget-spacer>.elementor-widget-container{height:100%;width:100%}.e-con-inner>.elementor-widget-spacer>.elementor-widget-container>.elementor-spacer,.e-con>.elementor-widget-spacer>.elementor-widget-container>.elementor-spacer{height:100%}.e-con-inner>.elementor-widget-spacer>.elementor-widget-container>.elementor-spacer>.elementor-spacer-inner,.e-con>.elementor-widget-spacer>.elementor-widget-container>.elementor-spacer>.elementor-spacer-inner{height:var(--container-widget-height,var(--spacer-size))}.e-con-inner>.elementor-widget-spacer.elementor-widget-empty,.e-con>.elementor-widget-spacer.elementor-widget-empty{position:relative;min-height:22px;min-width:22px}.e-con-inner>.elementor-widget-spacer.elementor-widget-empty .elementor-widget-empty-icon,.e-con>.elementor-widget-spacer.elementor-widget-empty .elementor-widget-empty-icon{position:absolute;top:0;bottom:0;left:0;right:0;margin:auto;padding:0;width:22px;height:22px}<\/style>\t\t<div class=\"elementor-spacer\">\n\t\t\t<div class=\"elementor-spacer-inner\"><\/div>\n\t\t<\/div>\n\t\t\t\t<\/div>\n\t\t\t\t<\/div>\n\t\t\t\t<div class=\"elementor-element elementor-element-33ca1e4b elementor-widget elementor-widget-text-editor\" data-id=\"33ca1e4b\" data-element_type=\"widget\" data-widget_type=\"text-editor.default\">\n\t\t\t\t<div class=\"elementor-widget-container\">\n\t\t\t<style>\/*! elementor - v3.21.0 - 20-05-2024 *\/\n.elementor-widget-text-editor.elementor-drop-cap-view-stacked .elementor-drop-cap{background-color:#69727d;color:#fff}.elementor-widget-text-editor.elementor-drop-cap-view-framed .elementor-drop-cap{color:#69727d;border:3px solid;background-color:transparent}.elementor-widget-text-editor:not(.elementor-drop-cap-view-default) .elementor-drop-cap{margin-top:8px}.elementor-widget-text-editor:not(.elementor-drop-cap-view-default) .elementor-drop-cap-letter{width:1em;height:1em}.elementor-widget-text-editor .elementor-drop-cap{float:left;text-align:center;line-height:1;font-size:50px}.elementor-widget-text-editor .elementor-drop-cap-letter{display:inline-block}<\/style>\t\t\t\t<p><span style=\"letter-spacing: 0.2px;\">O revestimento Solum tem o pigmento das terras brasileiras.\u00a0<\/span><\/p><p><span style=\"letter-spacing: 0.2px;\">Nosso objetivo \u00e9 levar a riqueza do solo brasileiro at\u00e9 sua casa ou empreendimento.<\/span><\/p><p><span style=\"letter-spacing: 0.2px;\">Trata-se de um produto de tecnologia nacional e cuja mat\u00e9ria prima \u00e9 terra crua. Sem solvente, base de \u00e1gua, at\u00f3xico e sem emiss\u00f5es. Portanto, Carbono ZERO.<\/span><\/p><p>Resistente e dur\u00e1vel, o\u00a0<a href=\"https:\/\/www.tintasolum.com.br\/site\/revestimento\/\" target=\"_blank\" rel=\"noopener\">revestimento mineral Solum<\/a>\u00a0vem pronto para ser aplicado em \u00e1reas internas e externas. Dispensa massa corrida\/acr\u00edlica .<\/p><p>A Tinta Solum tem um excelente poder de cobertura e ader\u00eancia. A nuance apresentada em uma mesma superf\u00edcie \u00e9 uma caracter\u00edstica natural do produto.\u00a0<\/p><p><span style=\"letter-spacing: 0.2px;\">Comercializada em baldes de 18 litros e em 20 cores.<\/span><\/p><p>Entre em contato e solicite o cat\u00e1logo via e-mail para mais informa<span style=\"letter-spacing: 0.2px; text-align: center; font-weight: var( --e-global-typography-text-font-weight );\">\u00e7<\/span><span style=\"letter-spacing: 0.2px; font-weight: var( --e-global-typography-text-font-weight );\">\u00f5es.<\/span><\/p>\t\t\t\t\t\t<\/div>\n\t\t\t\t<\/div>\n\t\t\t\t\t<\/div>\n\t\t<\/div>\n\t\t\t\t\t<\/div>\n\t\t<\/section>\n\t\t\t\t<section class=\"elementor-section elementor-top-section elementor-element elementor-element-fc75393 elementor-section-boxed elementor-section-height-default elementor-section-height-default\" data-id=\"fc75393\" data-element_type=\"section\">\n\t\t\t\t\t\t<div class=\"elementor-container elementor-column-gap-default\">\n\t\t\t\t\t<div class=\"elementor-column elementor-col-100 elementor-top-column elementor-element elementor-element-d5b21f5\" data-id=\"d5b21f5\" data-element_type=\"column\">\n\t\t\t<div class=\"elementor-widget-wrap elementor-element-populated\">\n\t\t\t\t\t\t<div class=\"elementor-element elementor-element-e72b9c0 elementor-widget elementor-widget-spacer\" data-id=\"e72b9c0\" data-element_type=\"widget\" data-widget_type=\"spacer.default\">\n\t\t\t\t<div class=\"elementor-widget-container\">\n\t\t\t\t\t<div class=\"elementor-spacer\">\n\t\t\t<div class=\"elementor-spacer-inner\"><\/div>\n\t\t<\/div>\n\t\t\t\t<\/div>\n\t\t\t\t<\/div>\n\t\t\t\t<div class=\"elementor-element elementor-element-53c1679 elementor-widget elementor-widget-image\" data-id=\"53c1679\" data-element_type=\"widget\" data-widget_type=\"image.default\">\n\t\t\t\t<div class=\"elementor-widget-container\">\n\t\t\t\t\t\t\t\t\t\t\t\t\t<img decoding=\"async\" width=\"1024\" height=\"205\" src=\"http:\/\/www.tintasolum.com.br\/site\/wp-content\/uploads\/2023\/12\/Design-sem-nome-1-1024x205.png\" class=\"attachment-large size-large wp-image-1066\" alt=\"\" srcset=\"http:\/\/www.tintasolum.com.br\/site\/wp-content\/uploads\/2023\/12\/Design-sem-nome-1-1024x205.png 1024w, http:\/\/www.tintasolum.com.br\/site\/wp-content\/uploads\/2023\/12\/Design-sem-nome-1-300x60.png 300w, http:\/\/www.tintasolum.com.br\/site\/wp-content\/uploads\/2023\/12\/Design-sem-nome-1-768x154.png 768w, http:\/\/www.tintasolum.com.br\/site\/wp-content\/uploads\/2023\/12\/Design-sem-nome-1-1536x307.png 1536w, http:\/\/www.tintasolum.com.br\/site\/wp-content\/uploads\/2023\/12\/Design-sem-nome-1-2048x410.png 2048w\" sizes=\"(max-width: 1024px) 100vw, 1024px\" \/>\t\t\t\t\t\t\t\t\t\t\t\t\t<\/div>\n\t\t\t\t<\/div>\n\t\t\t\t\t<\/div>\n\t\t<\/div>\n\t\t\t\t\t<\/div>\n\t\t<\/section>\n\t\t\t\t<\/div>\n\t\t","protected":false},"excerpt":{"rendered":"<div class=\"slide-text-bg2\"><span>O revestimento Solum tem o pigmento das terras brasileiras.\u00a0 Nosso objetivo \u00e9 levar a riqueza do solo brasileiro at\u00e9 sua casa ou empreendimento. Trata-s<\/span><\/div>\n<div class=\"slide-btn-area-sm\"><a href=\"http:\/\/www.tintasolum.com.br\/site\/terras-corantes\/\" class=\"slide-btn-sm\">Ler mais<\/a><\/div>\n","protected":false},"author":1,"featured_media":0,"parent":0,"menu_order":0,"comment_status":"closed","ping_status":"closed","template":"fullwidth.php","meta":{"footnotes":""},"_links":{"self":[{"href":"http:\/\/www.tintasolum.com.br\/site\/wp-json\/wp\/v2\/pages\/15"}],"collection":[{"href":"http:\/\/www.tintasolum.com.br\/site\/wp-json\/wp\/v2\/pages"}],"about":[{"href":"http:\/\/www.tintasolum.com.br\/site\/wp-json\/wp\/v2\/types\/page"}],"author":[{"embeddable":true,"href":"http:\/\/www.tintasolum.com.br\/site\/wp-json\/wp\/v2\/users\/1"}],"replies":[{"embeddable":true,"href":"http:\/\/www.tintasolum.com.br\/site\/wp-json\/wp\/v2\/comments?post=15"}],"version-history":[{"count":22,"href":"http:\/\/www.tintasolum.com.br\/site\/wp-json\/wp\/v2\/pages\/15\/revisions"}],"predecessor-version":[{"id":1134,"href":"http:\/\/www.tintasolum.com.br\/site\/wp-json\/wp\/v2\/pages\/15\/revisions\/1134"}],"wp:attachment":[{"href":"http:\/\/www.tintasolum.com.br\/site\/wp-json\/wp\/v2\/media?parent=15"}],"curies":[{"name":"wp","href":"https:\/\/api.w.org\/{rel}","templated":true}]}}