{"id":279,"date":"2016-08-03T15:12:11","date_gmt":"2016-08-03T18:12:11","guid":{"rendered":"http:\/\/www.tintasolum.com.br\/site\/?page_id=279"},"modified":"2023-12-15T16:15:07","modified_gmt":"2023-12-15T19:15:07","slug":"sambaqui","status":"publish","type":"page","link":"http:\/\/www.tintasolum.com.br\/site\/sambaqui\/","title":{"rendered":"Sambaqui"},"content":{"rendered":"\t\t<div data-elementor-type=\"wp-page\" data-elementor-id=\"279\" class=\"elementor elementor-279\">\n\t\t\t\t\t\t<section class=\"elementor-section elementor-top-section elementor-element elementor-element-f3f4e2f elementor-section-boxed elementor-section-height-default elementor-section-height-default\" data-id=\"f3f4e2f\" data-element_type=\"section\">\n\t\t\t\t\t\t<div class=\"elementor-container elementor-column-gap-default\">\n\t\t\t\t\t<div class=\"elementor-column elementor-col-100 elementor-top-column elementor-element elementor-element-2dc42571\" data-id=\"2dc42571\" data-element_type=\"column\">\n\t\t\t<div class=\"elementor-widget-wrap elementor-element-populated\">\n\t\t\t\t\t\t<div class=\"elementor-element elementor-element-393c331e elementor-widget elementor-widget-text-editor\" data-id=\"393c331e\" data-element_type=\"widget\" data-widget_type=\"text-editor.default\">\n\t\t\t\t<div class=\"elementor-widget-container\">\n\t\t\t<style>\/*! elementor - v3.21.0 - 20-05-2024 *\/\n.elementor-widget-text-editor.elementor-drop-cap-view-stacked .elementor-drop-cap{background-color:#69727d;color:#fff}.elementor-widget-text-editor.elementor-drop-cap-view-framed .elementor-drop-cap{color:#69727d;border:3px solid;background-color:transparent}.elementor-widget-text-editor:not(.elementor-drop-cap-view-default) .elementor-drop-cap{margin-top:8px}.elementor-widget-text-editor:not(.elementor-drop-cap-view-default) .elementor-drop-cap-letter{width:1em;height:1em}.elementor-widget-text-editor .elementor-drop-cap{float:left;text-align:center;line-height:1;font-size:50px}.elementor-widget-text-editor .elementor-drop-cap-letter{display:inline-block}<\/style>\t\t\t\t<p>[huge_it_slider id=&#8221;6&#8243;]<\/p><p>\u00a0<\/p><p>Em Tupi, Sambaqui significa grandes montanhas de conchas. Os <a href=\"https:\/\/www.bbc.com\/portuguese\/articles\/cxegxkr04jvo\">Sambaquis<\/a> s\u00e3o formados pelo ac\u00famulo de conchas e ossos de peixes, consumidos pelas popula\u00e7\u00f5es que habitaram a costa brasileira ao longo de milhares de anos.<\/p><p>Esta linha foi desenvolvida para atender o escrit\u00f3rio MK27. A proposta foi ter um revestimento para fachadas e muros que, com a rusticidade e a delicadeza dos SAMBAQUIS, resultasse em um acabamento mais espesso que o Revestimento Solum.\u00a0<\/p><p>Pode ser aplicado com o rolo de textura e desempenado, al<span style=\"letter-spacing: 0.2px; font-weight: var( --e-global-typography-text-font-weight );\">\u00e9m d<\/span><span style=\"letter-spacing: 0.2px;\">e\u00a0 projetado.<\/span><\/p><p><span style=\"letter-spacing: 0.2px;\">Produzido em todas as <a href=\"http:\/\/www.tintasolum.com.br\/site\/revestimento\/\">cores de linha<\/a>.<\/span><\/p><p>\u00a0<\/p><div style=\"text-align: center;\"><img fetchpriority=\"high\" decoding=\"async\" src=\"http:\/\/www.tintasolum.com.br\/site\/wp-content\/uploads\/2016\/08\/sambaqui4-1.jpg\" alt=\"\" width=\"564\" height=\"390\" \/><\/div>\t\t\t\t\t\t<\/div>\n\t\t\t\t<\/div>\n\t\t\t\t\t<\/div>\n\t\t<\/div>\n\t\t\t\t\t<\/div>\n\t\t<\/section>\n\t\t\t\t<section class=\"elementor-section elementor-top-section elementor-element elementor-element-29993ae elementor-section-boxed elementor-section-height-default elementor-section-height-default\" data-id=\"29993ae\" data-element_type=\"section\">\n\t\t\t\t\t\t<div class=\"elementor-container elementor-column-gap-default\">\n\t\t\t\t\t<div class=\"elementor-column elementor-col-100 elementor-top-column elementor-element elementor-element-739a294\" data-id=\"739a294\" data-element_type=\"column\">\n\t\t\t<div class=\"elementor-widget-wrap elementor-element-populated\">\n\t\t\t\t\t\t<div class=\"elementor-element elementor-element-a26522e elementor-widget elementor-widget-spacer\" data-id=\"a26522e\" data-element_type=\"widget\" data-widget_type=\"spacer.default\">\n\t\t\t\t<div class=\"elementor-widget-container\">\n\t\t\t<style>\/*! elementor - v3.21.0 - 20-05-2024 *\/\n.elementor-column .elementor-spacer-inner{height:var(--spacer-size)}.e-con{--container-widget-width:100%}.e-con-inner>.elementor-widget-spacer,.e-con>.elementor-widget-spacer{width:var(--container-widget-width,var(--spacer-size));--align-self:var(--container-widget-align-self,initial);--flex-shrink:0}.e-con-inner>.elementor-widget-spacer>.elementor-widget-container,.e-con>.elementor-widget-spacer>.elementor-widget-container{height:100%;width:100%}.e-con-inner>.elementor-widget-spacer>.elementor-widget-container>.elementor-spacer,.e-con>.elementor-widget-spacer>.elementor-widget-container>.elementor-spacer{height:100%}.e-con-inner>.elementor-widget-spacer>.elementor-widget-container>.elementor-spacer>.elementor-spacer-inner,.e-con>.elementor-widget-spacer>.elementor-widget-container>.elementor-spacer>.elementor-spacer-inner{height:var(--container-widget-height,var(--spacer-size))}.e-con-inner>.elementor-widget-spacer.elementor-widget-empty,.e-con>.elementor-widget-spacer.elementor-widget-empty{position:relative;min-height:22px;min-width:22px}.e-con-inner>.elementor-widget-spacer.elementor-widget-empty .elementor-widget-empty-icon,.e-con>.elementor-widget-spacer.elementor-widget-empty .elementor-widget-empty-icon{position:absolute;top:0;bottom:0;left:0;right:0;margin:auto;padding:0;width:22px;height:22px}<\/style>\t\t<div class=\"elementor-spacer\">\n\t\t\t<div class=\"elementor-spacer-inner\"><\/div>\n\t\t<\/div>\n\t\t\t\t<\/div>\n\t\t\t\t<\/div>\n\t\t\t\t<div class=\"elementor-element elementor-element-87f6e84 elementor-widget elementor-widget-heading\" data-id=\"87f6e84\" data-element_type=\"widget\" data-widget_type=\"heading.default\">\n\t\t\t\t<div class=\"elementor-widget-container\">\n\t\t\t<style>\/*! elementor - v3.21.0 - 20-05-2024 *\/\n.elementor-heading-title{padding:0;margin:0;line-height:1}.elementor-widget-heading .elementor-heading-title[class*=elementor-size-]>a{color:inherit;font-size:inherit;line-height:inherit}.elementor-widget-heading .elementor-heading-title.elementor-size-small{font-size:15px}.elementor-widget-heading .elementor-heading-title.elementor-size-medium{font-size:19px}.elementor-widget-heading .elementor-heading-title.elementor-size-large{font-size:29px}.elementor-widget-heading .elementor-heading-title.elementor-size-xl{font-size:39px}.elementor-widget-heading .elementor-heading-title.elementor-size-xxl{font-size:59px}<\/style><h2 class=\"elementor-heading-title elementor-size-default\">Modo de aplica\u00e7\u00e3o<br><\/h2>\t\t<\/div>\n\t\t\t\t<\/div>\n\t\t\t\t\t<\/div>\n\t\t<\/div>\n\t\t\t\t\t<\/div>\n\t\t<\/section>\n\t\t\t\t<section class=\"elementor-section elementor-top-section elementor-element elementor-element-8ca3008 elementor-section-boxed elementor-section-height-default elementor-section-height-default\" data-id=\"8ca3008\" data-element_type=\"section\">\n\t\t\t\t\t\t<div class=\"elementor-container elementor-column-gap-default\">\n\t\t\t\t\t<div class=\"elementor-column elementor-col-66 elementor-top-column elementor-element elementor-element-3888b21\" data-id=\"3888b21\" data-element_type=\"column\">\n\t\t\t<div class=\"elementor-widget-wrap elementor-element-populated\">\n\t\t\t\t\t\t<div class=\"elementor-element elementor-element-59f339a elementor-widget elementor-widget-text-editor\" data-id=\"59f339a\" data-element_type=\"widget\" data-widget_type=\"text-editor.default\">\n\t\t\t\t<div class=\"elementor-widget-container\">\n\t\t\t\t\t\t\t<ul><li>O revestimento Solum deve ser bem batido (n\u00e3o deixar pelotas e restos no fundo do balde) para n\u00e3o prejudicar na aplica\u00e7\u00e3o ou dificultar o trabalho do pr\u00f3prio aplicador.<\/li><li>Limpar a parede para remover a poeira, p\u00f3 de lixa\u00e7\u00e3o ou sujidades como mofos (c\u00e2ndida ou cloro), gordura ou graxa (detergente). Retirar marcas de desempenadeira, regularizar e desempenar a parede antes da aplica\u00e7\u00e3o do fundo preparador, verificar se n\u00e3o h\u00e1 umidade interna ou externa, e colocar fitas.<\/li><li>Aplicar o fundo preparador depois de misturar bem, usando o rolo de l\u00e3 para facilitar a aplica\u00e7\u00e3o. Tonalizar o Fundo com a cor do revestimento escolhido. Ap\u00f3s a secagem, entre uma e duas horas, aplicar a primeira dem\u00e3o e a segunda no dia seguinte.<\/li><li>Primeira dem\u00e3o aplicar com o rolo de chapisco Mestre Tigre ref. 1332 em v\u00e1rios sentidos sempre o rolo bem cheio, n\u00e3o deixar muitas falhas entre cada passada para facilitar a segunda dem\u00e3o.<\/li><li>Passar o rolo nas bordas para que na retirada da fita n\u00e3o tenha nenhuma falha.<\/li><\/ul><p>No dia seguinte aplicar a segunda dem\u00e3o com o mesmo rolo em v\u00e1rios sentidos sempre de cima para baixo, e ap\u00f3s o tempo de endurecimento m\u00e9dio raspar.<\/p><ul><li>Tempo aproximado para raspar com o Perfil de Alum\u00ednio ou Desempenadeira:<br \/>40 minutos ap\u00f3s aplica\u00e7\u00e3o.<\/li><li>Sempre raspar de cima para baixo.<\/li><li>O rendimento aproximado 10m\u00b2, para cada balde de 18L.<\/li><\/ul>\t\t\t\t\t\t<\/div>\n\t\t\t\t<\/div>\n\t\t\t\t\t<\/div>\n\t\t<\/div>\n\t\t\t\t<div class=\"elementor-column elementor-col-33 elementor-top-column elementor-element elementor-element-b756e5e\" data-id=\"b756e5e\" data-element_type=\"column\">\n\t\t\t<div class=\"elementor-widget-wrap elementor-element-populated\">\n\t\t\t\t\t\t<div class=\"elementor-element elementor-element-3e6fad6 elementor-widget elementor-widget-image\" data-id=\"3e6fad6\" data-element_type=\"widget\" data-widget_type=\"image.default\">\n\t\t\t\t<div class=\"elementor-widget-container\">\n\t\t\t<style>\/*! elementor - v3.21.0 - 20-05-2024 *\/\n.elementor-widget-image{text-align:center}.elementor-widget-image a{display:inline-block}.elementor-widget-image a img[src$=\".svg\"]{width:48px}.elementor-widget-image img{vertical-align:middle;display:inline-block}<\/style>\t\t\t\t\t\t\t\t\t\t<img decoding=\"async\" width=\"300\" height=\"301\" src=\"http:\/\/www.tintasolum.com.br\/site\/wp-content\/uploads\/2016\/07\/aplicacao5.jpg\" class=\"attachment-large size-large wp-image-116\" alt=\"Aplicando Solum Sambaqui\" srcset=\"http:\/\/www.tintasolum.com.br\/site\/wp-content\/uploads\/2016\/07\/aplicacao5.jpg 300w, http:\/\/www.tintasolum.com.br\/site\/wp-content\/uploads\/2016\/07\/aplicacao5-150x150.jpg 150w, http:\/\/www.tintasolum.com.br\/site\/wp-content\/uploads\/2016\/07\/aplicacao5-299x300.jpg 299w\" sizes=\"(max-width: 300px) 100vw, 300px\" \/>\t\t\t\t\t\t\t\t\t\t\t\t\t<\/div>\n\t\t\t\t<\/div>\n\t\t\t\t<div class=\"elementor-element elementor-element-92df34e elementor-widget elementor-widget-text-editor\" data-id=\"92df34e\" data-element_type=\"widget\" data-widget_type=\"text-editor.default\">\n\t\t\t\t<div class=\"elementor-widget-container\">\n\t\t\t\t\t\t\t<p style=\"text-align: center;\"><strong>Solum Sambaqui<\/strong><\/p>\t\t\t\t\t\t<\/div>\n\t\t\t\t<\/div>\n\t\t\t\t\t<\/div>\n\t\t<\/div>\n\t\t\t\t\t<\/div>\n\t\t<\/section>\n\t\t\t\t<section class=\"elementor-section elementor-top-section elementor-element elementor-element-3e58b05 elementor-section-boxed elementor-section-height-default elementor-section-height-default\" data-id=\"3e58b05\" data-element_type=\"section\">\n\t\t\t\t\t\t<div class=\"elementor-container elementor-column-gap-default\">\n\t\t\t\t\t<div class=\"elementor-column elementor-col-100 elementor-top-column elementor-element elementor-element-d7e1943\" data-id=\"d7e1943\" data-element_type=\"column\">\n\t\t\t<div class=\"elementor-widget-wrap elementor-element-populated\">\n\t\t\t\t\t\t<div class=\"elementor-element elementor-element-4c07539 elementor-widget elementor-widget-spacer\" data-id=\"4c07539\" data-element_type=\"widget\" data-widget_type=\"spacer.default\">\n\t\t\t\t<div class=\"elementor-widget-container\">\n\t\t\t\t\t<div class=\"elementor-spacer\">\n\t\t\t<div class=\"elementor-spacer-inner\"><\/div>\n\t\t<\/div>\n\t\t\t\t<\/div>\n\t\t\t\t<\/div>\n\t\t\t\t\t<\/div>\n\t\t<\/div>\n\t\t\t\t\t<\/div>\n\t\t<\/section>\n\t\t\t\t<section class=\"elementor-section elementor-top-section elementor-element elementor-element-695583e elementor-section-boxed elementor-section-height-default elementor-section-height-default\" data-id=\"695583e\" data-element_type=\"section\">\n\t\t\t\t\t\t<div class=\"elementor-container elementor-column-gap-default\">\n\t\t\t\t\t<div class=\"elementor-column elementor-col-100 elementor-top-column elementor-element elementor-element-0292157\" data-id=\"0292157\" data-element_type=\"column\">\n\t\t\t<div class=\"elementor-widget-wrap elementor-element-populated\">\n\t\t\t\t\t\t<div class=\"elementor-element elementor-element-5867e24 elementor-widget elementor-widget-image\" data-id=\"5867e24\" data-element_type=\"widget\" data-widget_type=\"image.default\">\n\t\t\t\t<div class=\"elementor-widget-container\">\n\t\t\t\t\t\t\t\t\t\t\t\t\t\t<a href=\"https:\/\/www.tintasolum.com.br\/site\/revestimento\/\">\n\t\t\t\t\t\t\t<img decoding=\"async\" width=\"1024\" height=\"205\" src=\"http:\/\/www.tintasolum.com.br\/site\/wp-content\/uploads\/2023\/12\/Design-sem-nome-1-1024x205.png\" class=\"attachment-large size-large wp-image-1066\" alt=\"\" srcset=\"http:\/\/www.tintasolum.com.br\/site\/wp-content\/uploads\/2023\/12\/Design-sem-nome-1-1024x205.png 1024w, http:\/\/www.tintasolum.com.br\/site\/wp-content\/uploads\/2023\/12\/Design-sem-nome-1-300x60.png 300w, http:\/\/www.tintasolum.com.br\/site\/wp-content\/uploads\/2023\/12\/Design-sem-nome-1-768x154.png 768w, http:\/\/www.tintasolum.com.br\/site\/wp-content\/uploads\/2023\/12\/Design-sem-nome-1-1536x307.png 1536w, http:\/\/www.tintasolum.com.br\/site\/wp-content\/uploads\/2023\/12\/Design-sem-nome-1-2048x410.png 2048w\" sizes=\"(max-width: 1024px) 100vw, 1024px\" \/>\t\t\t\t\t\t\t\t<\/a>\n\t\t\t\t\t\t\t\t\t\t\t\t\t<\/div>\n\t\t\t\t<\/div>\n\t\t\t\t\t<\/div>\n\t\t<\/div>\n\t\t\t\t\t<\/div>\n\t\t<\/section>\n\t\t\t\t<\/div>\n\t\t","protected":false},"excerpt":{"rendered":"<div class=\"slide-text-bg2\"><span> \u00a0 Em Tupi, Sambaqui significa grandes montanhas de conchas. Os Sambaquis s\u00e3o formados pelo ac\u00famulo de conchas e ossos de peixes, consumidos pelas popul<\/span><\/div>\n<div class=\"slide-btn-area-sm\"><a href=\"http:\/\/www.tintasolum.com.br\/site\/sambaqui\/\" class=\"slide-btn-sm\">Ler mais<\/a><\/div>\n","protected":false},"author":1,"featured_media":0,"parent":0,"menu_order":0,"comment_status":"closed","ping_status":"closed","template":"fullwidth.php","meta":{"footnotes":""},"_links":{"self":[{"href":"http:\/\/www.tintasolum.com.br\/site\/wp-json\/wp\/v2\/pages\/279"}],"collection":[{"href":"http:\/\/www.tintasolum.com.br\/site\/wp-json\/wp\/v2\/pages"}],"about":[{"href":"http:\/\/www.tintasolum.com.br\/site\/wp-json\/wp\/v2\/types\/page"}],"author":[{"embeddable":true,"href":"http:\/\/www.tintasolum.com.br\/site\/wp-json\/wp\/v2\/users\/1"}],"replies":[{"embeddable":true,"href":"http:\/\/www.tintasolum.com.br\/site\/wp-json\/wp\/v2\/comments?post=279"}],"version-history":[{"count":27,"href":"http:\/\/www.tintasolum.com.br\/site\/wp-json\/wp\/v2\/pages\/279\/revisions"}],"predecessor-version":[{"id":1106,"href":"http:\/\/www.tintasolum.com.br\/site\/wp-json\/wp\/v2\/pages\/279\/revisions\/1106"}],"wp:attachment":[{"href":"http:\/\/www.tintasolum.com.br\/site\/wp-json\/wp\/v2\/media?parent=279"}],"curies":[{"name":"wp","href":"https:\/\/api.w.org\/{rel}","templated":true}]}}