{"id":343,"date":"2016-09-21T15:46:31","date_gmt":"2016-09-21T18:46:31","guid":{"rendered":"http:\/\/www.tintasolum.com.br\/site\/?page_id=343"},"modified":"2023-12-15T16:00:11","modified_gmt":"2023-12-15T19:00:11","slug":"ficha-tecnica","status":"publish","type":"page","link":"http:\/\/www.tintasolum.com.br\/site\/ficha-tecnica\/","title":{"rendered":"Ficha  T\u00e9cnica"},"content":{"rendered":"\t\t<div data-elementor-type=\"wp-page\" data-elementor-id=\"343\" class=\"elementor elementor-343\">\n\t\t\t\t\t\t<section class=\"elementor-section elementor-top-section elementor-element elementor-element-33d3a35b elementor-section-boxed elementor-section-height-default elementor-section-height-default\" data-id=\"33d3a35b\" data-element_type=\"section\">\n\t\t\t\t\t\t<div class=\"elementor-container elementor-column-gap-default\">\n\t\t\t\t\t<div class=\"elementor-column elementor-col-100 elementor-top-column elementor-element elementor-element-7519f338\" data-id=\"7519f338\" data-element_type=\"column\">\n\t\t\t<div class=\"elementor-widget-wrap elementor-element-populated\">\n\t\t\t\t\t\t<div class=\"elementor-element elementor-element-d2d37af elementor-widget elementor-widget-image\" data-id=\"d2d37af\" data-element_type=\"widget\" data-widget_type=\"image.default\">\n\t\t\t\t<div class=\"elementor-widget-container\">\n\t\t\t<style>\/*! elementor - v3.21.0 - 20-05-2024 *\/\n.elementor-widget-image{text-align:center}.elementor-widget-image a{display:inline-block}.elementor-widget-image a img[src$=\".svg\"]{width:48px}.elementor-widget-image img{vertical-align:middle;display:inline-block}<\/style>\t\t\t\t\t\t\t\t\t\t<img fetchpriority=\"high\" decoding=\"async\" width=\"929\" height=\"260\" src=\"http:\/\/www.tintasolum.com.br\/site\/wp-content\/uploads\/2023\/12\/ECOLOGICAMENTE-PINTADO.jpg\" class=\"attachment-large size-large wp-image-955\" alt=\"\" srcset=\"http:\/\/www.tintasolum.com.br\/site\/wp-content\/uploads\/2023\/12\/ECOLOGICAMENTE-PINTADO.jpg 929w, http:\/\/www.tintasolum.com.br\/site\/wp-content\/uploads\/2023\/12\/ECOLOGICAMENTE-PINTADO-300x84.jpg 300w, http:\/\/www.tintasolum.com.br\/site\/wp-content\/uploads\/2023\/12\/ECOLOGICAMENTE-PINTADO-768x215.jpg 768w\" sizes=\"(max-width: 929px) 100vw, 929px\" \/>\t\t\t\t\t\t\t\t\t\t\t\t\t<\/div>\n\t\t\t\t<\/div>\n\t\t\t\t\t<\/div>\n\t\t<\/div>\n\t\t\t\t\t<\/div>\n\t\t<\/section>\n\t\t\t\t<section class=\"elementor-section elementor-top-section elementor-element elementor-element-8e43dec elementor-section-boxed elementor-section-height-default elementor-section-height-default\" data-id=\"8e43dec\" data-element_type=\"section\">\n\t\t\t\t\t\t<div class=\"elementor-container elementor-column-gap-default\">\n\t\t\t\t\t<div class=\"elementor-column elementor-col-100 elementor-top-column elementor-element elementor-element-2bde9c1\" data-id=\"2bde9c1\" data-element_type=\"column\">\n\t\t\t<div class=\"elementor-widget-wrap elementor-element-populated\">\n\t\t\t\t\t\t<div class=\"elementor-element elementor-element-3d61b16 elementor-widget elementor-widget-spacer\" data-id=\"3d61b16\" data-element_type=\"widget\" data-widget_type=\"spacer.default\">\n\t\t\t\t<div class=\"elementor-widget-container\">\n\t\t\t<style>\/*! elementor - v3.21.0 - 20-05-2024 *\/\n.elementor-column .elementor-spacer-inner{height:var(--spacer-size)}.e-con{--container-widget-width:100%}.e-con-inner>.elementor-widget-spacer,.e-con>.elementor-widget-spacer{width:var(--container-widget-width,var(--spacer-size));--align-self:var(--container-widget-align-self,initial);--flex-shrink:0}.e-con-inner>.elementor-widget-spacer>.elementor-widget-container,.e-con>.elementor-widget-spacer>.elementor-widget-container{height:100%;width:100%}.e-con-inner>.elementor-widget-spacer>.elementor-widget-container>.elementor-spacer,.e-con>.elementor-widget-spacer>.elementor-widget-container>.elementor-spacer{height:100%}.e-con-inner>.elementor-widget-spacer>.elementor-widget-container>.elementor-spacer>.elementor-spacer-inner,.e-con>.elementor-widget-spacer>.elementor-widget-container>.elementor-spacer>.elementor-spacer-inner{height:var(--container-widget-height,var(--spacer-size))}.e-con-inner>.elementor-widget-spacer.elementor-widget-empty,.e-con>.elementor-widget-spacer.elementor-widget-empty{position:relative;min-height:22px;min-width:22px}.e-con-inner>.elementor-widget-spacer.elementor-widget-empty .elementor-widget-empty-icon,.e-con>.elementor-widget-spacer.elementor-widget-empty .elementor-widget-empty-icon{position:absolute;top:0;bottom:0;left:0;right:0;margin:auto;padding:0;width:22px;height:22px}<\/style>\t\t<div class=\"elementor-spacer\">\n\t\t\t<div class=\"elementor-spacer-inner\"><\/div>\n\t\t<\/div>\n\t\t\t\t<\/div>\n\t\t\t\t<\/div>\n\t\t\t\t\t<\/div>\n\t\t<\/div>\n\t\t\t\t\t<\/div>\n\t\t<\/section>\n\t\t\t\t<section class=\"elementor-section elementor-top-section elementor-element elementor-element-2c57d56 elementor-section-boxed elementor-section-height-default elementor-section-height-default\" data-id=\"2c57d56\" data-element_type=\"section\">\n\t\t\t\t\t\t<div class=\"elementor-container elementor-column-gap-default\">\n\t\t\t\t\t<div class=\"elementor-column elementor-col-50 elementor-top-column elementor-element elementor-element-720eeb1\" data-id=\"720eeb1\" data-element_type=\"column\">\n\t\t\t<div class=\"elementor-widget-wrap elementor-element-populated\">\n\t\t\t\t\t\t<div class=\"elementor-element elementor-element-8d91a8d elementor-widget elementor-widget-heading\" data-id=\"8d91a8d\" data-element_type=\"widget\" data-widget_type=\"heading.default\">\n\t\t\t\t<div class=\"elementor-widget-container\">\n\t\t\t<style>\/*! elementor - v3.21.0 - 20-05-2024 *\/\n.elementor-heading-title{padding:0;margin:0;line-height:1}.elementor-widget-heading .elementor-heading-title[class*=elementor-size-]>a{color:inherit;font-size:inherit;line-height:inherit}.elementor-widget-heading .elementor-heading-title.elementor-size-small{font-size:15px}.elementor-widget-heading .elementor-heading-title.elementor-size-medium{font-size:19px}.elementor-widget-heading .elementor-heading-title.elementor-size-large{font-size:29px}.elementor-widget-heading .elementor-heading-title.elementor-size-xl{font-size:39px}.elementor-widget-heading .elementor-heading-title.elementor-size-xxl{font-size:59px}<\/style><h2 class=\"elementor-heading-title elementor-size-default\">At\u00f3xico<\/h2>\t\t<\/div>\n\t\t\t\t<\/div>\n\t\t\t\t<div class=\"elementor-element elementor-element-062b0de elementor-widget elementor-widget-heading\" data-id=\"062b0de\" data-element_type=\"widget\" data-widget_type=\"heading.default\">\n\t\t\t\t<div class=\"elementor-widget-container\">\n\t\t\t<h2 class=\"elementor-heading-title elementor-size-default\">Livre de COV's<\/h2>\t\t<\/div>\n\t\t\t\t<\/div>\n\t\t\t\t\t<\/div>\n\t\t<\/div>\n\t\t\t\t<div class=\"elementor-column elementor-col-50 elementor-top-column elementor-element elementor-element-51ddf0f\" data-id=\"51ddf0f\" data-element_type=\"column\">\n\t\t\t<div class=\"elementor-widget-wrap elementor-element-populated\">\n\t\t\t\t\t\t<div class=\"elementor-element elementor-element-d5c165c elementor-widget elementor-widget-heading\" data-id=\"d5c165c\" data-element_type=\"widget\" data-widget_type=\"heading.default\">\n\t\t\t\t<div class=\"elementor-widget-container\">\n\t\t\t<h2 class=\"elementor-heading-title elementor-size-default\">Inodoro<\/h2>\t\t<\/div>\n\t\t\t\t<\/div>\n\t\t\t\t<div class=\"elementor-element elementor-element-489867c elementor-widget elementor-widget-heading\" data-id=\"489867c\" data-element_type=\"widget\" data-widget_type=\"heading.default\">\n\t\t\t\t<div class=\"elementor-widget-container\">\n\t\t\t<h2 class=\"elementor-heading-title elementor-size-default\">Pigmento de terra<\/h2>\t\t<\/div>\n\t\t\t\t<\/div>\n\t\t\t\t\t<\/div>\n\t\t<\/div>\n\t\t\t\t\t<\/div>\n\t\t<\/section>\n\t\t\t\t<section class=\"elementor-section elementor-top-section elementor-element elementor-element-de4305c elementor-section-boxed elementor-section-height-default elementor-section-height-default\" data-id=\"de4305c\" data-element_type=\"section\">\n\t\t\t\t\t\t<div class=\"elementor-container elementor-column-gap-default\">\n\t\t\t\t\t<div class=\"elementor-column elementor-col-100 elementor-top-column elementor-element elementor-element-cb73d34\" data-id=\"cb73d34\" data-element_type=\"column\">\n\t\t\t<div class=\"elementor-widget-wrap elementor-element-populated\">\n\t\t\t\t\t\t<div class=\"elementor-element elementor-element-79941b0 elementor-widget elementor-widget-spacer\" data-id=\"79941b0\" data-element_type=\"widget\" data-widget_type=\"spacer.default\">\n\t\t\t\t<div class=\"elementor-widget-container\">\n\t\t\t\t\t<div class=\"elementor-spacer\">\n\t\t\t<div class=\"elementor-spacer-inner\"><\/div>\n\t\t<\/div>\n\t\t\t\t<\/div>\n\t\t\t\t<\/div>\n\t\t\t\t<div class=\"elementor-element elementor-element-1524c50 elementor-widget elementor-widget-text-editor\" data-id=\"1524c50\" data-element_type=\"widget\" data-widget_type=\"text-editor.default\">\n\t\t\t\t<div class=\"elementor-widget-container\">\n\t\t\t<style>\/*! elementor - v3.21.0 - 20-05-2024 *\/\n.elementor-widget-text-editor.elementor-drop-cap-view-stacked .elementor-drop-cap{background-color:#69727d;color:#fff}.elementor-widget-text-editor.elementor-drop-cap-view-framed .elementor-drop-cap{color:#69727d;border:3px solid;background-color:transparent}.elementor-widget-text-editor:not(.elementor-drop-cap-view-default) .elementor-drop-cap{margin-top:8px}.elementor-widget-text-editor:not(.elementor-drop-cap-view-default) .elementor-drop-cap-letter{width:1em;height:1em}.elementor-widget-text-editor .elementor-drop-cap{float:left;text-align:center;line-height:1;font-size:50px}.elementor-widget-text-editor .elementor-drop-cap-letter{display:inline-block}<\/style>\t\t\t\t<p><span style=\"font-size: 15px;\">A Solum Com\u00e9<\/span><span style=\"letter-spacing: 0.2px;\">rcio de Tintas se sente honrada por em estar presente em sua obra.<\/span><\/p><p><span style=\"font-size: 15px;\">Os revestimentos Solum s\u00e3o produzidos a partir de minerais naturais. E<\/span><span style=\"letter-spacing: 0.2px;\">m seu processo de transforma\u00e7\u00e3o em revestimento n\u00e3o h\u00e1 emiss\u00f5es t\u00f3xicas.<\/span><\/p><p><span style=\"letter-spacing: 0.2px;\">\u00a0Trata-se de um produto ecol\u00f3gico e sustent\u00e1vel,\u00a0<\/span><span style=\"font-weight: var( --e-global-typography-text-font-weight ); letter-spacing: 0.2px;\">livre de COV\u2019S<\/span><span style=\"letter-spacing: 0.2px;\">.<\/span><\/p><p><span style=\"font-size: 15px;\">Sua composi\u00e7\u00e3o diferenciada pede <a href=\"http:\/\/www.tintasolum.com.br\/site\/aplicacao\/\">cuidados especiais<\/a> para que tenha a maior durabilidade.<\/span><\/p><p><a href=\"http:\/\/www.tintasolum.com.br\/site\/wp-content\/uploads\/2023\/12\/FICHA-TECNICA-TINTA-SOLUM-2023.pdf\">Clique aqui para acesar nossa Ficha T\u00e9cnica.<\/a><\/p>\t\t\t\t\t\t<\/div>\n\t\t\t\t<\/div>\n\t\t\t\t\t<\/div>\n\t\t<\/div>\n\t\t\t\t\t<\/div>\n\t\t<\/section>\n\t\t\t\t<section class=\"elementor-section elementor-top-section elementor-element elementor-element-dad5bb2 elementor-section-boxed elementor-section-height-default elementor-section-height-default\" data-id=\"dad5bb2\" data-element_type=\"section\">\n\t\t\t\t\t\t<div class=\"elementor-container elementor-column-gap-default\">\n\t\t\t\t\t<div class=\"elementor-column elementor-col-100 elementor-top-column elementor-element elementor-element-5e48c0c\" data-id=\"5e48c0c\" data-element_type=\"column\">\n\t\t\t<div class=\"elementor-widget-wrap elementor-element-populated\">\n\t\t\t\t\t\t<div class=\"elementor-element elementor-element-0bcf0ad elementor-widget elementor-widget-spacer\" data-id=\"0bcf0ad\" data-element_type=\"widget\" data-widget_type=\"spacer.default\">\n\t\t\t\t<div class=\"elementor-widget-container\">\n\t\t\t\t\t<div class=\"elementor-spacer\">\n\t\t\t<div class=\"elementor-spacer-inner\"><\/div>\n\t\t<\/div>\n\t\t\t\t<\/div>\n\t\t\t\t<\/div>\n\t\t\t\t\t<\/div>\n\t\t<\/div>\n\t\t\t\t\t<\/div>\n\t\t<\/section>\n\t\t\t\t<section class=\"elementor-section elementor-top-section elementor-element elementor-element-7a9a456 elementor-section-boxed elementor-section-height-default elementor-section-height-default\" data-id=\"7a9a456\" data-element_type=\"section\">\n\t\t\t\t\t\t<div class=\"elementor-container elementor-column-gap-default\">\n\t\t\t\t\t<div class=\"elementor-column elementor-col-100 elementor-top-column elementor-element elementor-element-1902554\" data-id=\"1902554\" data-element_type=\"column\">\n\t\t\t<div class=\"elementor-widget-wrap elementor-element-populated\">\n\t\t\t\t\t\t<div class=\"elementor-element elementor-element-b9d2602 elementor-widget elementor-widget-image\" data-id=\"b9d2602\" data-element_type=\"widget\" data-widget_type=\"image.default\">\n\t\t\t\t<div class=\"elementor-widget-container\">\n\t\t\t\t\t\t\t\t\t\t\t\t\t\t<a href=\"http:\/\/www.tintasolum.com.br\/site\/revestimento\/\">\n\t\t\t\t\t\t\t<img decoding=\"async\" width=\"1024\" height=\"205\" src=\"http:\/\/www.tintasolum.com.br\/site\/wp-content\/uploads\/2023\/12\/Design-sem-nome-1-1024x205.png\" class=\"attachment-large size-large wp-image-1066\" alt=\"\" srcset=\"http:\/\/www.tintasolum.com.br\/site\/wp-content\/uploads\/2023\/12\/Design-sem-nome-1-1024x205.png 1024w, http:\/\/www.tintasolum.com.br\/site\/wp-content\/uploads\/2023\/12\/Design-sem-nome-1-300x60.png 300w, http:\/\/www.tintasolum.com.br\/site\/wp-content\/uploads\/2023\/12\/Design-sem-nome-1-768x154.png 768w, http:\/\/www.tintasolum.com.br\/site\/wp-content\/uploads\/2023\/12\/Design-sem-nome-1-1536x307.png 1536w, http:\/\/www.tintasolum.com.br\/site\/wp-content\/uploads\/2023\/12\/Design-sem-nome-1-2048x410.png 2048w\" sizes=\"(max-width: 1024px) 100vw, 1024px\" \/>\t\t\t\t\t\t\t\t<\/a>\n\t\t\t\t\t\t\t\t\t\t\t\t\t<\/div>\n\t\t\t\t<\/div>\n\t\t\t\t\t<\/div>\n\t\t<\/div>\n\t\t\t\t\t<\/div>\n\t\t<\/section>\n\t\t\t\t<\/div>\n\t\t","protected":false},"excerpt":{"rendered":"<div class=\"slide-text-bg2\"><span>At\u00f3xico Livre de COV&#8217;s Inodoro Pigmento de terra A Solum Com\u00e9rcio de Tintas se sente honrada por em estar presente em sua obra. Os revestimentos So<\/span><\/div>\n<div class=\"slide-btn-area-sm\"><a href=\"http:\/\/www.tintasolum.com.br\/site\/ficha-tecnica\/\" class=\"slide-btn-sm\">Ler mais<\/a><\/div>\n","protected":false},"author":1,"featured_media":0,"parent":0,"menu_order":0,"comment_status":"closed","ping_status":"closed","template":"fullwidth.php","meta":{"footnotes":""},"_links":{"self":[{"href":"http:\/\/www.tintasolum.com.br\/site\/wp-json\/wp\/v2\/pages\/343"}],"collection":[{"href":"http:\/\/www.tintasolum.com.br\/site\/wp-json\/wp\/v2\/pages"}],"about":[{"href":"http:\/\/www.tintasolum.com.br\/site\/wp-json\/wp\/v2\/types\/page"}],"author":[{"embeddable":true,"href":"http:\/\/www.tintasolum.com.br\/site\/wp-json\/wp\/v2\/users\/1"}],"replies":[{"embeddable":true,"href":"http:\/\/www.tintasolum.com.br\/site\/wp-json\/wp\/v2\/comments?post=343"}],"version-history":[{"count":31,"href":"http:\/\/www.tintasolum.com.br\/site\/wp-json\/wp\/v2\/pages\/343\/revisions"}],"predecessor-version":[{"id":1081,"href":"http:\/\/www.tintasolum.com.br\/site\/wp-json\/wp\/v2\/pages\/343\/revisions\/1081"}],"wp:attachment":[{"href":"http:\/\/www.tintasolum.com.br\/site\/wp-json\/wp\/v2\/media?parent=343"}],"curies":[{"name":"wp","href":"https:\/\/api.w.org\/{rel}","templated":true}]}}